{"id":592,"date":"2021-07-23T15:36:22","date_gmt":"2021-07-23T15:36:22","guid":{"rendered":"https:\/\/www.lamarmoire.com\/?page_id=592"},"modified":"2024-07-03T15:20:29","modified_gmt":"2024-07-03T15:20:29","slug":"contacter","status":"publish","type":"page","link":"https:\/\/www.lamarmoire.com\/fr\/contacter\/","title":{"rendered":"Contacter"},"content":{"rendered":"<div class=\"vce-row-container\"><div class=\"vce-row vce-element--has-background vce-row--col-gap-30 vce-row-equal-height vce-row-content--top\" data-vce-full-width=\"true\" id=\"el-cd879e16\" data-vce-do-apply=\"all el-cd879e16\"><div class=\"vce-content-background-container\"><div class=\"vce-asset-background-simple-container vce-visible-all-only vce-asset-background-simple--style-cover vce-asset-background-simple--position-center-center\"><div class=\"vce-asset-background-simple\"><div class=\"vce-asset-background-simple-item\" style=\"background-image: url('https:\/\/www.lamarmoire.com\/wp-content\/uploads\/2021\/06\/bnb-france.png');\"><\/div><\/div><\/div><\/div><div class=\"vce-row-content\" data-vce-element-content=\"true\"><div class=\"vce-col vce-col--md-auto vce-col--xs-1 vce-col--xs-last vce-col--xs-first vce-col--sm-last vce-col--sm-first vce-col--md-last vce-col--lg-last vce-col--xl-last vce-col--md-first vce-col--lg-first vce-col--xl-first\" id=\"el-208fd3a6\"><div class=\"vce-col-inner\" data-vce-do-apply=\"border margin background  el-208fd3a6\"><div class=\"vce-col-content\" data-vce-element-content=\"true\" data-vce-do-apply=\"padding el-208fd3a6\"><div class=\"vce-row-container\" data-vce-boxed-width=\"true\"><div class=\"vce-row vce-row--col-gap-30 vce-row-equal-height vce-row-content--middle\" id=\"el-65944fb3\" data-vce-do-apply=\"all el-65944fb3\"><div class=\"vce-row-content\" data-vce-element-content=\"true\"><div class=\"vce-col vce-col--md-auto vce-col--xs-1 vce-col--xs-last vce-col--xs-first vce-col--sm-last vce-col--sm-first vce-col--md-first vce-col--lg-first vce-col--xl-first\" id=\"el-d722d832\"><div class=\"vce-col-inner\" data-vce-do-apply=\"border margin background  el-d722d832\"><div class=\"vce-col-content\" data-vce-element-content=\"true\" data-vce-do-apply=\"padding el-d722d832\"><div class=\"vce-text-block green-text\"><div class=\"vce-text-block-wrapper vce\" id=\"el-a9d58082\" data-vce-do-apply=\"all el-a9d58082\"><h1>Contactez-nous<\/h1><\/div><\/div><div class=\"vce-text-block contact-details\"><div class=\"vce-text-block-wrapper vce\" id=\"el-b6a1bb7c\" data-vce-do-apply=\"all el-b6a1bb7c\"><p><span class=\"address\">Adresse : 2 La Marmoire, 44110 Soudan, France<\/span><br><span class=\"email\"><a href=\"mailto:info@lamarmoire.com\">Email: info@lamarmoire.com<\/a><\/span><br><span class=\"tel\">T\u00e9l: 02 40 55 23 79<\/span><\/p><\/div><\/div><div class=\"vce-raw-html\"><div class=\"vce-raw-html-wrapper\" id=\"el-5ed8717b\" data-vce-do-apply=\"all el-5ed8717b\">\t\t<div class=\"book-button\">\n\t\t\t<a target=\"_blank\" href=\"https:\/\/via.eviivo.com\/en-GB\/Marmoire44110\" rel=\"noopener\">\n\t\t\t\tR\u00e9servez directement\n\t\t\t\t<span>au meilleur prix<\/span>\n\t\t\t<\/a>\n\t\t<\/div><\/div><\/div><\/div><\/div><\/div><div class=\"vce-col vce-col--md-auto vce-col--xs-1 vce-col--xs-last vce-col--xs-first vce-col--sm-last vce-col--sm-first vce-col--md-last vce-col--lg-last vce-col--xl-last\" id=\"el-04280506\"><div class=\"vce-col-inner\" data-vce-do-apply=\"border margin background  el-04280506\"><div class=\"vce-col-content\" data-vce-element-content=\"true\" data-vce-do-apply=\"padding el-04280506\"><div class=\"vce-shortcode home-form box-shadow cubic mt-sm-30\"><div class=\"vce-shortcode-wrapper vce\" id=\"el-b391cd41\" data-vce-do-apply=\"all el-b391cd41\"><link rel='stylesheet' id='formidable-css' href='https:\/\/www.lamarmoire.com\/wp-content\/plugins\/formidable\/css\/formidableforms.css?ver=3201824' type='text\/css' media='all' \/>\n<div class=\"frm_forms  with_frm_style frm_style_formidable-style\" id=\"frm_form_8_container\" >\n<form enctype=\"multipart\/form-data\" method=\"post\" class=\"frm-show-form  frm_js_validate  frm_pro_form \" id=\"form_contact-form7e6d63bdc1\"  >\n<div class=\"frm_form_fields \">\n<fieldset>\n<legend class=\"frm_screen_reader\">Contact Us - Fr<\/legend>\r\n\r\n<div class=\"frm_fields_container\">\n<input type=\"hidden\" name=\"frm_action\" value=\"create\" \/>\n<input type=\"hidden\" name=\"form_id\" value=\"8\" \/>\n<input type=\"hidden\" name=\"frm_hide_fields_8\" id=\"frm_hide_fields_8\" value=\"\" \/>\n<input type=\"hidden\" name=\"form_key\" value=\"contact-form7e6d63bdc1\" \/>\n<input type=\"hidden\" name=\"item_meta[0]\" value=\"\" \/>\n<input type=\"hidden\" id=\"frm_submit_entry_8\" name=\"frm_submit_entry_8\" value=\"d6f9023b3e\" \/><input type=\"hidden\" name=\"_wp_http_referer\" value=\"\/fr\/wp-json\/wp\/v2\/pages\/592\" \/><div id=\"frm_field_79_container\" class=\"frm_form_field form-field  frm_required_field frm_none_container name-icon\">\r\n    <label for=\"field_qh4icyafb7d32b20\" id=\"field_qh4icyafb7d32b20_label\" class=\"frm_primary_label\">Nom\r\n        <span class=\"frm_required\" aria-hidden=\"true\">*<\/span>\r\n    <\/label>\r\n    <input type=\"text\" id=\"field_qh4icyafb7d32b20\" name=\"item_meta[79]\" value=\"\"  placeholder=\"Nom\" data-reqmsg=\"This field cannot be blank.\" aria-required=\"true\" data-invmsg=\"Name is invalid\" aria-invalid=\"false\"  \/>\r\n    \r\n    \r\n<\/div>\n<div id=\"frm_field_80_container\" class=\"frm_form_field form-field  frm_required_field frm_none_container email-icon\">\r\n    <label for=\"field_29yf4d179bc3c6a3\" id=\"field_29yf4d179bc3c6a3_label\" class=\"frm_primary_label\">Email\r\n        <span class=\"frm_required\" aria-hidden=\"true\">*<\/span>\r\n    <\/label>\r\n    <input type=\"email\" id=\"field_29yf4d179bc3c6a3\" name=\"item_meta[80]\" value=\"\"  placeholder=\"Email\" data-reqmsg=\"This field cannot be blank.\" aria-required=\"true\" data-invmsg=\"Please enter a valid email address\" aria-invalid=\"false\"  \/>\r\n    \r\n    \r\n<\/div>\n<div id=\"frm_field_81_container\" class=\"frm_form_field form-field  frm_required_field frm_none_container phone-icon\">\r\n    <label for=\"field_e6lis6154c50ccfa\" id=\"field_e6lis6154c50ccfa_label\" class=\"frm_primary_label\">Portable\r\n        <span class=\"frm_required\" aria-hidden=\"true\">*<\/span>\r\n    <\/label>\r\n    <input type=\"text\" id=\"field_e6lis6154c50ccfa\" name=\"item_meta[81]\" value=\"\"  placeholder=\"Portable\" data-reqmsg=\"This field cannot be blank.\" aria-required=\"true\" data-invmsg=\"Subject is invalid\" aria-invalid=\"false\"  \/>\r\n    \r\n    \r\n<\/div>\n<div id=\"frm_field_82_container\" class=\"frm_form_field form-field  frm_required_field frm_none_container message-icon\">\r\n    <label for=\"field_9jv0r19d6ec0b6d4\" id=\"field_9jv0r19d6ec0b6d4_label\" class=\"frm_primary_label\">Message\r\n        <span class=\"frm_required\" aria-hidden=\"true\">*<\/span>\r\n    <\/label>\r\n    <textarea name=\"item_meta[82]\" id=\"field_9jv0r19d6ec0b6d4\" rows=\"5\"  placeholder=\"Message\" data-reqmsg=\"This field cannot be blank.\" aria-required=\"true\" data-invmsg=\"Message est non valide\" aria-invalid=\"false\"  ><\/textarea>\r\n    \r\n    \r\n<\/div>\n<div id=\"frm_field_114_container\" class=\"frm_form_field form-field  frm_none_container\">\r\n    <label for=\"g-recaptcha-response\" id=\"field_6k7d_label\" class=\"frm_primary_label\">reCAPTCHA\r\n        <span class=\"frm_required\" aria-hidden=\"true\"><\/span>\r\n    <\/label>\r\n    <div id=\"field_6k7d\" class=\"frm-g-recaptcha\" data-sitekey=\"6LdCiRIcAAAAAAdzNeIKF5ckziV5djd4WjL0TU5B\" data-size=\"normal\" data-theme=\"light\"><\/div>\r\n    \r\n    \r\n<\/div>\n\t<input type=\"hidden\" name=\"item_key\" value=\"\" \/>\n\t\t\t\t<div class=\"frm_verify\" aria-hidden=\"true\">\n\t\t\t\t<label for=\"frm_email_8\">\n\t\t\t\t\tSi vous \u00eates un humain, ne remplissez pas ce champ.\t\t\t\t<\/label>\n\t\t\t\t<input type=\"text\" class=\"frm_verify\" id=\"frm_email_8\" name=\"frm_verify\" value=\"\"  \/>\n\t\t\t<\/div>\n\t\t<input name=\"frm_state\" type=\"hidden\" value=\"wjQtNy5lW47mWpc2TpiyRMzAsQXipy+FVcyTnTiU4yc=\" \/><div class=\"frm_submit\">\r\n\r\n<button class=\"frm_button_submit frm_final_submit\" type=\"submit\"   formnovalidate=\"formnovalidate\">SUMETTRE<\/button>\r\n\r\n<\/div><\/div>\n<\/fieldset>\n<\/div>\n<p style=\"display: none !important;\"><label>&#916;<textarea name=\"ak_hp_textarea\" cols=\"45\" rows=\"8\" maxlength=\"100\"><\/textarea><\/label><input type=\"hidden\" id=\"ak_js_1\" name=\"ak_js\" value=\"55\"\/><script>document.getElementById( \"ak_js_1\" ).setAttribute( \"value\", ( new Date() ).getTime() );<\/script><\/p><\/form>\n<\/div>\n<\/div><\/div><\/div><\/div><\/div><\/div><\/div><\/div><\/div><\/div><\/div><\/div><\/div><\/div><div class=\"vce-row-container\"><div class=\"vce-row vce-row--col-gap-30 map-row z-index-99 p-relative vce-row-no-paddings vce-row-equal-height vce-row-content--top\" data-vce-full-width=\"true\" data-vce-stretch-content=\"true\" id=\"el-c2b9f94b\" data-vce-do-apply=\"all el-c2b9f94b\"><div class=\"vce-row-content\" data-vce-element-content=\"true\"><div class=\"vce-col vce-col--md-auto vce-col--xs-1 vce-col--xs-last vce-col--xs-first vce-col--sm-last vce-col--sm-first vce-col--md-last vce-col--lg-last vce-col--xl-last vce-col--md-first vce-col--lg-first vce-col--xl-first\" id=\"el-7bdaa24a\"><div class=\"vce-col-inner\" data-vce-do-apply=\"border margin background  el-7bdaa24a\"><div class=\"vce-col-content\" data-vce-element-content=\"true\" data-vce-do-apply=\"padding el-7bdaa24a\"><div class=\"vce-raw-html\"><div class=\"vce-raw-html-wrapper\" id=\"el-206395dd\" data-vce-do-apply=\"all el-206395dd\"><iframe src=\"https:\/\/www.google.com\/maps\/embed?pb=!1m14!1m8!1m3!1d2372881.137983501!2d-1.3566158971602553!3d47.70375637118236!3m2!1i1024!2i768!4f13.1!3m3!1m2!1s0x0%3A0x799ea1808d50826!2sLa%20Marmoire!5e0!3m2!1sen!2suk!4v1624460329131!5m2!1sen!2suk\" width=\"100%\" height=\"450\" style=\"border:0;\" allowfullscreen=\"\" loading=\"lazy\"><\/iframe><\/div><\/div><\/div><\/div><\/div><\/div><\/div><\/div><div class=\"vce-row-container\"><div class=\"vce-row vce-element--xl--has-background vce-element--lg--has-background vce-element--md--has-background vce-element--sm--has-background vce-element--xs--has-background vce-row--col-gap-30 vce-row-equal-height vce-row-content--top\" data-vce-full-width=\"true\" id=\"el-983a3f35\" data-vce-do-apply=\"all el-983a3f35\"><div class=\"vce-content-background-container\"><div class=\"vce-asset-background-simple-container vce-visible-xl-only vce-asset-background-simple--style-cover vce-asset-background-simple--position-center-center\"><div class=\"vce-asset-background-simple\"><div class=\"vce-asset-background-simple-item\" style=\"background-image: url('https:\/\/www.lamarmoire.com\/wp-content\/uploads\/2021\/06\/grey-bg.jpg');\"><\/div><\/div><\/div><div class=\"vce-asset-background-simple-container vce-visible-lg-only vce-asset-background-simple--style-cover vce-asset-background-simple--position-center-center\"><div class=\"vce-asset-background-simple\"><div class=\"vce-asset-background-simple-item\" style=\"background-image: url('https:\/\/www.lamarmoire.com\/wp-content\/uploads\/2021\/06\/grey-bg.jpg');\"><\/div><\/div><\/div><div class=\"vce-asset-background-simple-container vce-visible-md-only vce-asset-background-simple--style-cover vce-asset-background-simple--position-center-center\"><div class=\"vce-asset-background-simple\"><div class=\"vce-asset-background-simple-item\" style=\"background-image: url('https:\/\/www.lamarmoire.com\/wp-content\/uploads\/2021\/06\/grey-bg.jpg');\"><\/div><\/div><\/div><div class=\"vce-asset-background-simple-container vce-visible-sm-only vce-asset-background-simple--style-cover vce-asset-background-simple--position-center-center\"><div class=\"vce-asset-background-simple\"><div class=\"vce-asset-background-simple-item\" style=\"background-image: url('https:\/\/www.lamarmoire.com\/wp-content\/uploads\/2021\/06\/grey-bg.jpg');\"><\/div><\/div><\/div><div class=\"vce-asset-background-simple-container vce-visible-xs-only vce-asset-background-simple--style-cover vce-asset-background-simple--position-center-center\"><div class=\"vce-asset-background-simple\"><div class=\"vce-asset-background-simple-item\" style=\"background-image: url('https:\/\/www.lamarmoire.com\/wp-content\/uploads\/2021\/06\/grey-bg.jpg');\"><\/div><\/div><\/div><\/div><div class=\"vce-row-content\" data-vce-element-content=\"true\"><div class=\"vce-col vce-col--md-auto vce-col--xs-1 vce-col--xs-last vce-col--xs-first vce-col--sm-last vce-col--sm-first vce-col--md-last vce-col--lg-last vce-col--xl-last vce-col--md-first vce-col--lg-first vce-col--xl-first\" id=\"el-f19cbc66\"><div class=\"vce-col-inner\" data-vce-do-apply=\"border margin background  el-f19cbc66\"><div class=\"vce-col-content\" data-vce-element-content=\"true\" data-vce-do-apply=\"padding el-f19cbc66\"><div class=\"vce-row-container\" data-vce-boxed-width=\"true\"><div class=\"vce-row vce-row--col-gap-30 vce-row-equal-height vce-row-content--top\" id=\"el-4d5c89af\" data-vce-do-apply=\"all el-4d5c89af\"><div class=\"vce-row-content\" data-vce-element-content=\"true\"><div class=\"vce-col vce-col--md-auto vce-col--xs-1 vce-col--xs-last vce-col--xs-first vce-col--sm-last vce-col--sm-first vce-col--md-last vce-col--lg-last vce-col--xl-last vce-col--md-first vce-col--lg-first vce-col--xl-first\" id=\"el-6b553d6b\"><div class=\"vce-col-inner\" data-vce-do-apply=\"border margin background  el-6b553d6b\"><div class=\"vce-col-content\" data-vce-element-content=\"true\" data-vce-do-apply=\"padding el-6b553d6b\"><div class=\"vce-text-block purple-text\"><div class=\"vce-text-block-wrapper vce\" id=\"el-aca194b2\" data-vce-do-apply=\"all el-aca194b2\"><h4 style=\"text-align: center;\">Nous sommes impatients de vous accueillir chez nous&nbsp;<\/h4><\/div><\/div><\/div><\/div><\/div><\/div><\/div><\/div><div class=\"vce-row-container\" data-vce-boxed-width=\"true\"><div class=\"vce-row vce-row--col-gap-30 vce-row-equal-height vce-row-content--top\" id=\"el-72d527e3\" data-vce-do-apply=\"all el-72d527e3\"><div class=\"vce-row-content\" data-vce-element-content=\"true\"><div class=\"vce-col vce-col--md-auto vce-col--xs-1 vce-col--xs-last vce-col--xs-first vce-col--sm-last vce-col--sm-first vce-col--md-first vce-col--lg-first vce-col--xl-first\" id=\"el-79c97498\"><div class=\"vce-col-inner\" data-vce-do-apply=\"border margin background  el-79c97498\"><div class=\"vce-col-content\" data-vce-element-content=\"true\" data-vce-do-apply=\"padding el-79c97498\"><div class=\"sliderCard vce-image-slider\"><div><div class=\"vce-image-slider-wrapper vce\" id=\"el-cb2af2dd\" data-vce-do-apply=\"all el-cb2af2dd\"><div class=\"vce-image-slider-list\" data-slick-autoplay=\"on\" data-slick-autoplay-delay=\"3000\" data-slick-effect=\"slideIn\" data-slick-dots=\"off\" data-slick-arrows=\"off\"><div class=\"slick-list\"><div class=\"slick-track\"><div class=\"vce-image-slider-item vc-slick-item\"><div style=\"background-image:url(https:\/\/www.lamarmoire.com\/wp-content\/uploads\/2021\/07\/rooms-and-facilities.jpg)\" class=\"vce-image-slider-img\"><img decoding=\"async\" class=\"\" src=\"https:\/\/www.lamarmoire.com\/wp-content\/uploads\/2021\/07\/rooms-and-facilities.jpg\" style=\"display:none\" alt=\"\"><\/div><\/div><div class=\"vce-image-slider-item vc-slick-item\"><div style=\"background-image:url(https:\/\/www.lamarmoire.com\/wp-content\/uploads\/2021\/07\/facilities-and-rooms.jpg)\" class=\"vce-image-slider-img\"><img decoding=\"async\" class=\"\" src=\"https:\/\/www.lamarmoire.com\/wp-content\/uploads\/2021\/07\/facilities-and-rooms.jpg\" style=\"display:none\" alt=\"\"><\/div><\/div><\/div><\/div><\/div><div class=\"vce-image-slider-dots\"><\/div><\/div><\/div><div class=\"sliderCard-content\"><h3 style=\"text-align: center;\"><a href=\"\/fr\/chambres-et-equipements\/\">Chambres &amp; \u00c9quipements<\/a><\/h3><p style=\"text-align: center;\">D\u00e9couvrir nos chambres<\/p><\/div><\/div><\/div><\/div><\/div><div class=\"vce-col vce-col--md-auto vce-col--xs-1 vce-col--xs-last vce-col--xs-first vce-col--sm-last vce-col--sm-first\" id=\"el-98bba356\"><div class=\"vce-col-inner\" data-vce-do-apply=\"border margin background  el-98bba356\"><div class=\"vce-col-content\" data-vce-element-content=\"true\" data-vce-do-apply=\"padding el-98bba356\"><div class=\"sliderCard vce-image-slider\"><div><div class=\"vce-image-slider-wrapper vce\" id=\"el-9b6c7a42\" data-vce-do-apply=\"all el-9b6c7a42\"><div class=\"vce-image-slider-list\" data-slick-autoplay=\"on\" data-slick-autoplay-delay=\"3000\" data-slick-effect=\"slideIn\" data-slick-dots=\"off\" data-slick-arrows=\"off\"><div class=\"slick-list\"><div class=\"slick-track\"><div class=\"vce-image-slider-item vc-slick-item\"><div style=\"background-image:url(https:\/\/www.lamarmoire.com\/wp-content\/uploads\/2021\/07\/eat-and-drink.jpg)\" class=\"vce-image-slider-img\"><img decoding=\"async\" class=\"\" src=\"https:\/\/www.lamarmoire.com\/wp-content\/uploads\/2021\/07\/eat-and-drink.jpg\" style=\"display:none\" alt=\"\"><\/div><\/div><div class=\"vce-image-slider-item vc-slick-item\"><div style=\"background-image:url(https:\/\/www.lamarmoire.com\/wp-content\/uploads\/2021\/08\/eat-and-drink-alt-1.jpg)\" class=\"vce-image-slider-img\"><img decoding=\"async\" class=\"\" src=\"https:\/\/www.lamarmoire.com\/wp-content\/uploads\/2021\/08\/eat-and-drink-alt-1.jpg\" style=\"display:none\" alt=\"\"><\/div><\/div><\/div><\/div><\/div><div class=\"vce-image-slider-dots\"><\/div><\/div><\/div><div class=\"sliderCard-content\"><h3 style=\"text-align: center;\"><a href=\"\/fr\/manger-et-boire\/\">Manger &amp; Boire<\/a><\/h3><p style=\"text-align: center;\">Profiter de notre hospitalit\u00e9<\/p><\/div><\/div><\/div><\/div><\/div><div class=\"vce-col vce-col--md-auto vce-col--xs-1 vce-col--xs-last vce-col--xs-first vce-col--sm-last vce-col--sm-first vce-col--md-last vce-col--lg-last vce-col--xl-last\" id=\"el-0adc652b\"><div class=\"vce-col-inner\" data-vce-do-apply=\"border margin background  el-0adc652b\"><div class=\"vce-col-content\" data-vce-element-content=\"true\" data-vce-do-apply=\"padding el-0adc652b\"><div class=\"sliderCard vce-image-slider\"><div><div class=\"vce-image-slider-wrapper vce\" id=\"el-5475adf4\" data-vce-do-apply=\"all el-5475adf4\"><div class=\"vce-image-slider-list\" data-slick-autoplay=\"on\" data-slick-autoplay-delay=\"3000\" data-slick-effect=\"slideIn\" data-slick-dots=\"off\" data-slick-arrows=\"off\"><div class=\"slick-list\"><div class=\"slick-track\"><div class=\"vce-image-slider-item vc-slick-item\"><div style=\"background-image:url(https:\/\/www.lamarmoire.com\/wp-content\/uploads\/2021\/07\/gifts-and-experiences.jpg)\" class=\"vce-image-slider-img\"><img decoding=\"async\" class=\"\" src=\"https:\/\/www.lamarmoire.com\/wp-content\/uploads\/2021\/07\/gifts-and-experiences.jpg\" style=\"display:none\" alt=\"\"><\/div><\/div><div class=\"vce-image-slider-item vc-slick-item\"><div style=\"background-image:url(https:\/\/www.lamarmoire.com\/wp-content\/uploads\/2021\/06\/dinner-2.jpg)\" class=\"vce-image-slider-img\"><img decoding=\"async\" class=\"\" src=\"https:\/\/www.lamarmoire.com\/wp-content\/uploads\/2021\/06\/dinner-2.jpg\" style=\"display:none\" alt=\"Eat outside at La Marmoire with their luxury dining.\"><\/div><\/div><\/div><\/div><\/div><div class=\"vce-image-slider-dots\"><\/div><\/div><\/div><div class=\"sliderCard-content\"><h3 style=\"text-align: center;\"><a href=\"https:\/\/lamarmoire-fr.giftpro.co.uk\/\" target=\"_blank\" rel=\"noopener\">Cadeaux &amp; Exp\u00e9riences<\/a><\/h3><p style=\"text-align: center;\">G\u00e2ter quelqu'un que vous appr\u00e9ciez<\/p><\/div><\/div><\/div><\/div><\/div><\/div><\/div><\/div><\/div><\/div><\/div><\/div><\/div><\/div>\n","protected":false},"excerpt":{"rendered":"<p>Contactez-nousAdresse : 2 La Marmoire, 44110 Soudan, FranceEmail: info@lamarmoire.comT\u00e9l: 02 40 55 23 79 R\u00e9servez directement au meilleur prix Nous sommes impatients de vous accueillir chez nous&nbsp;Chambres &amp; \u00c9quipementsD\u00e9couvrir nos chambresManger &amp; BoireProfiter de notre hospitalit\u00e9Cadeaux &amp; Exp\u00e9riencesG\u00e2ter quelqu&rsquo;un que vous appr\u00e9ciez<\/p>\n","protected":false},"author":4,"featured_media":0,"parent":0,"menu_order":0,"comment_status":"closed","ping_status":"closed","template":"","meta":[],"yoast_head":"<!-- This site is optimized with the Yoast SEO plugin v19.13 - https:\/\/yoast.com\/wordpress\/plugins\/seo\/ -->\n<title>Contactez-nous | La Marmoire<\/title>\n<meta name=\"description\" content=\"Pour plus d&#039;informations, contactez-nous \u00e0 info@lamarmoire.com ou n&#039;h\u00e9sitez pas \u00e0 nous appeler au 02 40 55 23 79.\" \/>\n<meta name=\"robots\" content=\"index, follow, max-snippet:-1, max-image-preview:large, max-video-preview:-1\" \/>\n<link rel=\"canonical\" href=\"https:\/\/www.lamarmoire.com\/fr\/contacter\/\" \/>\n<meta property=\"og:locale\" content=\"fr_FR\" \/>\n<meta property=\"og:type\" content=\"article\" \/>\n<meta property=\"og:title\" content=\"Contactez-nous | La Marmoire\" \/>\n<meta property=\"og:description\" content=\"Pour plus d&#039;informations, contactez-nous \u00e0 info@lamarmoire.com ou n&#039;h\u00e9sitez pas \u00e0 nous appeler au 02 40 55 23 79.\" \/>\n<meta property=\"og:url\" content=\"https:\/\/www.lamarmoire.com\/fr\/contacter\/\" \/>\n<meta property=\"og:site_name\" content=\"La Marmoire\" \/>\n<meta property=\"article:modified_time\" content=\"2024-07-03T15:20:29+00:00\" \/>\n<meta name=\"twitter:card\" content=\"summary_large_image\" \/>\n<script type=\"application\/ld+json\" class=\"yoast-schema-graph\">{\"@context\":\"https:\/\/schema.org\",\"@graph\":[{\"@type\":\"WebPage\",\"@id\":\"https:\/\/www.lamarmoire.com\/fr\/contacter\/\",\"url\":\"https:\/\/www.lamarmoire.com\/fr\/contacter\/\",\"name\":\"Contactez-nous | La Marmoire\",\"isPartOf\":{\"@id\":\"https:\/\/www.lamarmoire.com\/#website\"},\"datePublished\":\"2021-07-23T15:36:22+00:00\",\"dateModified\":\"2024-07-03T15:20:29+00:00\",\"description\":\"Pour plus d'informations, contactez-nous \u00e0 info@lamarmoire.com ou n'h\u00e9sitez pas \u00e0 nous appeler au 02 40 55 23 79.\",\"breadcrumb\":{\"@id\":\"https:\/\/www.lamarmoire.com\/fr\/contacter\/#breadcrumb\"},\"inLanguage\":\"fr-FR\",\"potentialAction\":[{\"@type\":\"ReadAction\",\"target\":[\"https:\/\/www.lamarmoire.com\/fr\/contacter\/\"]}]},{\"@type\":\"BreadcrumbList\",\"@id\":\"https:\/\/www.lamarmoire.com\/fr\/contacter\/#breadcrumb\",\"itemListElement\":[{\"@type\":\"ListItem\",\"position\":1,\"name\":\"Home\",\"item\":\"https:\/\/www.lamarmoire.com\/fr\/\"},{\"@type\":\"ListItem\",\"position\":2,\"name\":\"Contacter\"}]},{\"@type\":\"WebSite\",\"@id\":\"https:\/\/www.lamarmoire.com\/#website\",\"url\":\"https:\/\/www.lamarmoire.com\/\",\"name\":\"La Marmoire\",\"description\":\"\",\"publisher\":{\"@id\":\"https:\/\/www.lamarmoire.com\/#organization\"},\"potentialAction\":[{\"@type\":\"SearchAction\",\"target\":{\"@type\":\"EntryPoint\",\"urlTemplate\":\"https:\/\/www.lamarmoire.com\/?s={search_term_string}\"},\"query-input\":\"required name=search_term_string\"}],\"inLanguage\":\"fr-FR\"},{\"@type\":\"Organization\",\"@id\":\"https:\/\/www.lamarmoire.com\/#organization\",\"name\":\"La Marmoire\",\"url\":\"https:\/\/www.lamarmoire.com\/\",\"logo\":{\"@type\":\"ImageObject\",\"inLanguage\":\"fr-FR\",\"@id\":\"https:\/\/www.lamarmoire.com\/#\/schema\/logo\/image\/\",\"url\":\"https:\/\/www.lamarmoire.com\/wp-content\/uploads\/2021\/07\/favicon.png\",\"contentUrl\":\"https:\/\/www.lamarmoire.com\/wp-content\/uploads\/2021\/07\/favicon.png\",\"width\":1067,\"height\":1067,\"caption\":\"La Marmoire\"},\"image\":{\"@id\":\"https:\/\/www.lamarmoire.com\/#\/schema\/logo\/image\/\"}}]}<\/script>\n<!-- \/ Yoast SEO plugin. -->","yoast_head_json":{"title":"Contactez-nous | La Marmoire","description":"Pour plus d'informations, contactez-nous \u00e0 info@lamarmoire.com ou n'h\u00e9sitez pas \u00e0 nous appeler au 02 40 55 23 79.","robots":{"index":"index","follow":"follow","max-snippet":"max-snippet:-1","max-image-preview":"max-image-preview:large","max-video-preview":"max-video-preview:-1"},"canonical":"https:\/\/www.lamarmoire.com\/fr\/contacter\/","og_locale":"fr_FR","og_type":"article","og_title":"Contactez-nous | La Marmoire","og_description":"Pour plus d'informations, contactez-nous \u00e0 info@lamarmoire.com ou n'h\u00e9sitez pas \u00e0 nous appeler au 02 40 55 23 79.","og_url":"https:\/\/www.lamarmoire.com\/fr\/contacter\/","og_site_name":"La Marmoire","article_modified_time":"2024-07-03T15:20:29+00:00","twitter_card":"summary_large_image","schema":{"@context":"https:\/\/schema.org","@graph":[{"@type":"WebPage","@id":"https:\/\/www.lamarmoire.com\/fr\/contacter\/","url":"https:\/\/www.lamarmoire.com\/fr\/contacter\/","name":"Contactez-nous | La Marmoire","isPartOf":{"@id":"https:\/\/www.lamarmoire.com\/#website"},"datePublished":"2021-07-23T15:36:22+00:00","dateModified":"2024-07-03T15:20:29+00:00","description":"Pour plus d'informations, contactez-nous \u00e0 info@lamarmoire.com ou n'h\u00e9sitez pas \u00e0 nous appeler au 02 40 55 23 79.","breadcrumb":{"@id":"https:\/\/www.lamarmoire.com\/fr\/contacter\/#breadcrumb"},"inLanguage":"fr-FR","potentialAction":[{"@type":"ReadAction","target":["https:\/\/www.lamarmoire.com\/fr\/contacter\/"]}]},{"@type":"BreadcrumbList","@id":"https:\/\/www.lamarmoire.com\/fr\/contacter\/#breadcrumb","itemListElement":[{"@type":"ListItem","position":1,"name":"Home","item":"https:\/\/www.lamarmoire.com\/fr\/"},{"@type":"ListItem","position":2,"name":"Contacter"}]},{"@type":"WebSite","@id":"https:\/\/www.lamarmoire.com\/#website","url":"https:\/\/www.lamarmoire.com\/","name":"La Marmoire","description":"","publisher":{"@id":"https:\/\/www.lamarmoire.com\/#organization"},"potentialAction":[{"@type":"SearchAction","target":{"@type":"EntryPoint","urlTemplate":"https:\/\/www.lamarmoire.com\/?s={search_term_string}"},"query-input":"required name=search_term_string"}],"inLanguage":"fr-FR"},{"@type":"Organization","@id":"https:\/\/www.lamarmoire.com\/#organization","name":"La Marmoire","url":"https:\/\/www.lamarmoire.com\/","logo":{"@type":"ImageObject","inLanguage":"fr-FR","@id":"https:\/\/www.lamarmoire.com\/#\/schema\/logo\/image\/","url":"https:\/\/www.lamarmoire.com\/wp-content\/uploads\/2021\/07\/favicon.png","contentUrl":"https:\/\/www.lamarmoire.com\/wp-content\/uploads\/2021\/07\/favicon.png","width":1067,"height":1067,"caption":"La Marmoire"},"image":{"@id":"https:\/\/www.lamarmoire.com\/#\/schema\/logo\/image\/"}}]}},"_links":{"self":[{"href":"https:\/\/www.lamarmoire.com\/fr\/wp-json\/wp\/v2\/pages\/592"}],"collection":[{"href":"https:\/\/www.lamarmoire.com\/fr\/wp-json\/wp\/v2\/pages"}],"about":[{"href":"https:\/\/www.lamarmoire.com\/fr\/wp-json\/wp\/v2\/types\/page"}],"author":[{"embeddable":true,"href":"https:\/\/www.lamarmoire.com\/fr\/wp-json\/wp\/v2\/users\/4"}],"replies":[{"embeddable":true,"href":"https:\/\/www.lamarmoire.com\/fr\/wp-json\/wp\/v2\/comments?post=592"}],"version-history":[{"count":2,"href":"https:\/\/www.lamarmoire.com\/fr\/wp-json\/wp\/v2\/pages\/592\/revisions"}],"predecessor-version":[{"id":965,"href":"https:\/\/www.lamarmoire.com\/fr\/wp-json\/wp\/v2\/pages\/592\/revisions\/965"}],"wp:attachment":[{"href":"https:\/\/www.lamarmoire.com\/fr\/wp-json\/wp\/v2\/media?parent=592"}],"curies":[{"name":"wp","href":"https:\/\/api.w.org\/{rel}","templated":true}]}}